{"id":272,"date":"2019-03-08T10:35:41","date_gmt":"2019-03-08T10:35:41","guid":{"rendered":"https:\/\/clvagro.com\/politica-de-privacidad\/"},"modified":"2019-04-08T14:16:43","modified_gmt":"2019-04-08T14:16:43","slug":"politica-de-privacidad","status":"publish","type":"page","link":"https:\/\/clvagro.com\/en\/politica-de-privacidad\/","title":{"rendered":"Pol\u00edtica de Privacidad"},"content":{"rendered":"<p><strong>RESPONSABLE <\/strong><\/p>\n<p>CLVAGRO,S.L. con CIF N\u00ba B56104029 en adelante CLVAGRO, es responsable de los datos personales.<\/p>\n<ul>\n<li><strong>Direcci\u00f3n: <\/strong>Avda. Turru\u00f1uelos, 2 portal 8 1\u00baA CP 14.012 C\u00d3RDOBA(Espa\u00f1a)<\/li>\n<li><strong>Correo electr\u00f3nico contacto: <\/strong>currolopez@clvagro.com<\/li>\n<li>Correo electr\u00f3nico ejercicio derechos SOPLAR: currolopez@clvagro.com<\/li>\n<li><strong>Tel\u00e9fono de contacto: <\/strong>+34 659 049 727<\/li>\n<li>Dominios: www.clvagro.com<\/li>\n<\/ul>\n<p><strong>FINALIDADES: <\/strong><\/p>\n<p>De conformidad con lo dispuesto en las normativas vigentes en protecci\u00f3n de datos personales, REGLAMENTO (UE) 2016\/679 del Parlamento europeo y del consejo de 27 de abril de 2016 y Ley Org\u00e1nica 3\/2018, de 5 de diciembre, de Protecci\u00f3n de Datos y Garant\u00eda de los Derechos Digitales, <strong>CLVAGRO,S.L. <\/strong>est\u00e1 cumpliendo con las disposiciones de las normativas GDPR y LOPD para el tratamiento de los datos personales de su responsabilidad, y manifiestamente con los principios descritos en el art\u00edculo 5 del GDPR, por los cuales son tratados de manera l\u00edcita, leal y transparente en relaci\u00f3n con el interesado y adecuados, pertinentes y limitados a lo necesario en relaci\u00f3n con los fines para los que son tratados.<\/p>\n<p>Los contenidos del Sitio Web tienen como finalidad informar de los servicios y\/o productos de CLVAGRO.<\/p>\n<p>El tratamiento de sus datos personales tiene como finalidad el mantenimiento de la relaci\u00f3n contractual existente y la relaci\u00f3n comercial con los usuarios e interesados en CLVAGRO.<\/p>\n<p>Tratamos la informaci\u00f3n que nos facilitan los usuarios interesados en nuestros productos y\/o servicios con el fin de gestionar el env\u00edo de la informaci\u00f3n que nos soliciten.<\/p>\n<p>No elaboraremos un \u201cperfil comercial\u201d, en base a la informaci\u00f3n facilitada.<\/p>\n<p>No se tomar\u00e1n decisiones automatizadas.<\/p>\n<p>&nbsp;<\/p>\n<p><strong>SOLICITANTES DE INFORMACI\u00d3N: <\/strong><\/p>\n<p>Los datos personales utilizados en estos casos proceden del propio interesado, el cual los proporciona a CLVAGRO al completar el formulario de contacto en el Sitio Web, al efectuar una llamada telef\u00f3nica, o al enviar un correo.<\/p>\n<p>Estos datos se utilizan con la finalidad de resolver las consultas y proporcionar informaci\u00f3n a aquellos que lo demanden o lo autoricen expresamente, principalmente por medio del correo electr\u00f3nico.<\/p>\n<p>&nbsp;<\/p>\n<p><strong>LEGITIMACI\u00d3N <\/strong><\/p>\n<p>Con la finalidad de que CLVAGRO pueda prestarle y facilitarle en debida forma los servicios y\/o productos que ofrece, ser\u00e1 necesario tratar aquellos datos personales que le son solicitados en los formularios que le son facilitados y que usted cumplimenta informada y libremente con esa finalidad.<\/p>\n<p>La legitimaci\u00f3n del tratamiento de sus datos es el consentimiento que presta enviando el formulario de inscripci\u00f3n, contacto, consulta.<\/p>\n<p>Los datos s\u00f3lo ser\u00e1n utilizados para la finalidad para la que se hayan recogido.<\/p>\n<p>Adicionalmente, cuando CLVAGRO necesite tratar los datos en supuestos diferentes a los referidos con anterioridad, solicitar\u00e1 su autorizaci\u00f3n con car\u00e1cter previo, la cual podr\u00e1 ser denegada o retirada por usted en cualquier momento.<\/p>\n<p>La inclusi\u00f3n de datos en formularios es absolutamente voluntaria. Por regla general, previo al tratamiento de los datos personales, CLVAGRO obtiene el consentimiento expreso e inequ\u00edvoco del titular de los mismos mediante la incorporaci\u00f3n de una casilla de marcaci\u00f3n y enlace a la presente pol\u00edtica de privacidad, y en base a un inter\u00e9s leg\u00edtimo del Usuario.<\/p>\n<p>&nbsp;<\/p>\n<p><strong>CONSENTIMIENTO: <\/strong><\/p>\n<p>En el caso de que procediera el env\u00edo de comunicaciones informativas en general, CLVAGRO, solicitar\u00e1 su previo consentimiento expreso mediante el marcado de la casilla correspondiente en el formulario de recogida de datos.<\/p>\n<p>No obstante, si usted no desea recibir comunicaciones por correo electr\u00f3nico podr\u00e1 conocer el medio de oponerse de manera sencilla en esta misma pol\u00edtica (Apartado Derechos), en los propios formularios o en cada comunicaci\u00f3n.<\/p>\n<p>&nbsp;<\/p>\n<p><strong>CONSERVACI\u00d3N: <\/strong><\/p>\n<p>Desde el momento en que los datos personales obtenidos no sean necesarios para los fines con los que fueron recabados, se conservar\u00e1n a disposici\u00f3n de las administraciones p\u00fablicas competentes, jueces y tribunales durante los plazos legales de conservaci\u00f3n, es decir, mientras una ley pueda exigir que sean presentados.<\/p>\n<p>Expirados estos plazos, los datos se mantendr\u00e1n bloqueados hasta que sea posible su posterior destrucci\u00f3n o supresi\u00f3n. Los datos necesarios para realizar comunicaciones electr\u00f3nicas ser\u00e1n conservados mientras los interesados no se opongan a la recepci\u00f3n de dichas comunicaciones.<\/p>\n<p>&nbsp;<\/p>\n<p><strong>DESTINATARIOS FUERA DE LA UNI\u00d3N EUROPEA: <\/strong><\/p>\n<p>CLVAGRO no cede datos personales a terceros ni contrata con proveedores prestadores de servicios fuera de la Uni\u00f3n Europea.<\/p>\n<p>&nbsp;<\/p>\n<p><strong>DERECHOS: <\/strong><\/p>\n<p>Puede revocar el consentimiento o ejercer sus derechos de acceso, rectificaci\u00f3n, supresi\u00f3n, oposici\u00f3n, limitaci\u00f3n y portabilidad sobre sus datos de car\u00e1cter personal ante <em>CLVAGRO . <\/em><\/p>\n<p><strong>Ejercicio de estos derechos: <\/strong>Para el ejercicio de estos derechos, deber\u00e1 remitir una solicitud expresa, junto a una copia de su DNI o documento acreditativo equivalente, a trav\u00e9s de los medios abajo consignados. Si ante la solicitud realizada en ejercicio de sus derechos, no recibiera respuesta en tiempo y forma por nuestra parte, o no encontrar\u00e1 esta satisfactoria, le informamos que la autoridad de control competente es la Agencia Espa\u00f1ola de Protecci\u00f3n de Datos (www.aepd.es ).<\/p>\n<ul>\n<li>CORREO ELECTRONICO dirigido a la direcci\u00f3n currolopez@clvagro.com con asunto <strong><em>Protecci\u00f3n de Datos<\/em><\/strong>. Este env\u00edo deber\u00e1 realizarse desde la direcci\u00f3n de correo electr\u00f3nico que incluy\u00f3 en el\/los formulario\/s. En caso contrario, sus datos no le ser\u00e1n mostrados, por no considerar suficientemente probada su identidad.<\/li>\n<li>DIRECTAMENTE EN PERSONA O POR CORREO POSTAL: Dirigido a la direcci\u00f3n social en CLVAGRO,S.L. Avda. Turru\u00f1uelos, 2 portal 8 1\u00baA CP 14.012 C\u00d3RDOBA<\/li>\n<\/ul>\n<p>&nbsp;<\/p>\n<p><strong>Usted podr\u00e1: <\/strong><\/p>\n<ol>\n<li><strong> Retirar su consentimiento o <\/strong><\/li>\n<li><strong> Ejercer sus derechos de: <\/strong><\/li>\n<\/ol>\n<ul>\n<li><strong> Acceso, o conocer que datos personales tratamos de usted; <\/strong><\/li>\n<li><strong> Rectificaci\u00f3n, o corregir datos personales incorrectos o inexactos; <\/strong><\/li>\n<li>Supresi\u00f3n, o a eliminar los datos personales que tenemos de usted que no estemos obligados legalmente a conservar;<\/li>\n<li><strong> Oposici\u00f3n, o a que dejemos de tratar sus datos personales con una finalidad concreta; <\/strong><\/li>\n<li>Limitaci\u00f3n, o a restringir el tratamiento que realizamos;<\/li>\n<li><strong> Portabilidad, o a que le proporcionemos los datos personales que obran en nuestro poder; <\/strong><\/li>\n<\/ul>\n<p>&nbsp;<\/p>\n<p><strong>REDES SOCIALES: <\/strong><\/p>\n<p>CLVAGRO,S.L. cuenta con perfil en la red social de Internet (Linkedin). El tratamiento que llevar\u00e1 a cabo con dichos datos ser\u00e1, como m\u00e1ximo, el que la red social permita a los perfiles corporativos. As\u00ed pues, podr\u00e1 informar a sus seguidores por cualquier v\u00eda que la red social permita sobre sus noticias, actividades, promociones. En ning\u00fan caso extraer\u00e1 datos de las redes sociales, a menos que se obtuviera puntual y expresamente el consentimiento del usuario para ello. Cuando, debido a la propia naturaleza de las redes sociales, el ejercicio efectivo de los derechos del seguidor quede supeditado a la modificaci\u00f3n del perfil personal de \u00e9ste, CLVAGRO,S.L. le ayudar\u00e1 y aconsejar\u00e1 a tal fin en la medida de sus posibilidades.<\/p>\n<p>&nbsp;<\/p>\n<p><strong>DURACI\u00d3N Y MODIFICACI\u00d3N DE LA POLITICA DE PRIVACIDAD <\/strong><\/p>\n<p><strong>CLVAGRO <\/strong>se reserva el derecho a modificar, total o parcialmente, la presente Pol\u00edtica de Privacidad, publicando los cambios en el Sitio Web. Asimismo, podr\u00e1 efectuar sin previo aviso las modificaciones que considere oportunas, pudiendo cambiar, suprimir o a\u00f1adir tanto los contenidos y servicios que presta, como la forma en la que \u00e9stos aparezcan presentados o localizados. En consecuencia, se entender\u00e1n como vigentes, las condiciones generales\/Pol\u00edticas que est\u00e9n publicadas en el momento en el que el Usuario acceda y deber\u00e1 leerlas peri\u00f3dicamente.<\/p>\n<p>Con independencia de lo dispuesto, <strong>CLVAGRO <\/strong>podr\u00e1 dar por terminado, suspender o interrumpir, en cualquier momento sin necesidad de preaviso, el acceso a los contenidos del Sitio Web, sin posibilidad por parte del Usuario de exigir indemnizaci\u00f3n alguna.<\/p>\n","protected":false},"excerpt":{"rendered":"<p>RESPONSABLE CLVAGRO,S.L. con CIF N\u00ba B56104029 en adelante CLVAGRO, es responsable de los datos personales. Direcci\u00f3n: Avda. Turru\u00f1uelos, 2 portal&#8230;<\/p>\n","protected":false},"author":1,"featured_media":0,"parent":0,"menu_order":0,"comment_status":"closed","ping_status":"closed","template":"","meta":{"_acf_changed":false,"footnotes":""},"class_list":["post-272","page","type-page","status-publish","hentry"],"acf":[],"_links":{"self":[{"href":"https:\/\/clvagro.com\/en\/wp-json\/wp\/v2\/pages\/272","targetHints":{"allow":["GET"]}}],"collection":[{"href":"https:\/\/clvagro.com\/en\/wp-json\/wp\/v2\/pages"}],"about":[{"href":"https:\/\/clvagro.com\/en\/wp-json\/wp\/v2\/types\/page"}],"author":[{"embeddable":true,"href":"https:\/\/clvagro.com\/en\/wp-json\/wp\/v2\/users\/1"}],"replies":[{"embeddable":true,"href":"https:\/\/clvagro.com\/en\/wp-json\/wp\/v2\/comments?post=272"}],"version-history":[{"count":2,"href":"https:\/\/clvagro.com\/en\/wp-json\/wp\/v2\/pages\/272\/revisions"}],"predecessor-version":[{"id":472,"href":"https:\/\/clvagro.com\/en\/wp-json\/wp\/v2\/pages\/272\/revisions\/472"}],"wp:attachment":[{"href":"https:\/\/clvagro.com\/en\/wp-json\/wp\/v2\/media?parent=272"}],"curies":[{"name":"wp","href":"https:\/\/api.w.org\/{rel}","templated":true}]}}