{"id":275,"date":"2019-03-08T10:36:13","date_gmt":"2019-03-08T10:36:13","guid":{"rendered":"https:\/\/clvagro.com\/politica-de-cookies\/"},"modified":"2020-12-11T08:20:44","modified_gmt":"2020-12-11T08:20:44","slug":"politica-de-cookies","status":"publish","type":"page","link":"https:\/\/clvagro.com\/en\/politica-de-cookies\/","title":{"rendered":"Pol\u00edtica de Cookies"},"content":{"rendered":"<p><strong>POL\u00cdTICA DE COOKIES<\/strong><\/p>\n<p align=\"justify\">En CLVAGRO, S.L. cumplimos con lo dispuesto en las obligaciones previstas en el apartado segundo del art\u00edculo 22 de la Ley 34\/2002, de11 de julio, de Servicios de la Sociedad de la Informaci\u00f3n y de Comercio Electr\u00f3nico (en adelante, LSSI), en relaci\u00f3n con el Reglamento(UE) 2016\/679 del Parlamento Europeo y del Consejo, de 27 de abril de 2016, General de Protecci\u00f3n de Datos (en adelante, RGPD) y la Ley Org\u00e1nica 3\/2018, de 5 de diciembre, de Protecci\u00f3n de Datos y Garant\u00eda de los Derechos Digitales (en adelante, LOPDGDD).<\/p>\n<p align=\"justify\">La presente Pol\u00edtica de Cookies tiene por finalidad informarte de manera clara y precisa sobre las cookies que existen en el Sitio Web.<\/p>\n<h2>1. \u00bfQU\u00c9 SON LAS COOKIES? DEFINICI\u00d3N Y FUNCI\u00d3N GEN\u00c9RICA DE LAS COOKIES<\/h2>\n<p align=\"justify\">Las cookies son ficheros que se almacenan en el ordenador del Usuario que navega a trav\u00e9s de Internet y que, en particular, contiene un n\u00famero que permite identificar un\u00edvocamente el ordenador del usuario, aunque \u00e9ste cambie de localizaci\u00f3n o de direcci\u00f3n IP.<\/p>\n<p align=\"justify\">En general, estas tecnolog\u00edas pueden servir para finalidades muy diversas, como, por ejemplo, reconocerle como usuario, obtener informaci\u00f3n sobre sus h\u00e1bitos de navegaci\u00f3n, o personalizar la forma en que se muestra el contenido. Los usos concretos que se hacen de estas tecnolog\u00edas se describen a continuaci\u00f3n.<\/p>\n<p align=\"justify\">Las cookies son instaladas durante la navegaci\u00f3n por Internet, bien por los sitios web que visita o bien por terceros con los que se relaciona el Sitio Web, y permiten, entre otras cosas, almacenar y recuperar informaci\u00f3n sobre sus h\u00e1bitos de navegaci\u00f3n o de su equipo y, dependiendo de la informaci\u00f3n que contengan y de la forma en que utilice su equipo, pueden utilizarse para reconocerle.<\/p>\n<h3>1.1. Tipos de cookies<\/h3>\n<h4>1.1.2. Cookies seg\u00fan entidad que las gestiona.<\/h4>\n<p align=\"justify\">Seg\u00fan qui\u00e9n sea la entidad que gestione el equipo o dominio desde donde se env\u00edan las cookies y trate los datos que se obtengan, se distinguen dos tipos:<\/p>\n<ul>\n<li>\n<p align=\"justify\">Cookies propias: aquellas que se env\u00edan al equipo terminal del usuario desde un equipo o dominio gestionado por el propio editor y desde el que se presta el servicio solicitado por el usuario.<\/p>\n<\/li>\n<li>\n<p align=\"justify\">Cookies de terceros: aquellas que se env\u00edan al equipo terminal del usuario desde un equipo o dominio que no es gestionado por el editor, sino por otra entidad que trata los datos obtenidos trav\u00e9s de las cookies.<\/p>\n<\/li>\n<\/ul>\n<p align=\"justify\">En el caso de que las cookies sean instaladas desde un equipo o dominio gestionado por el propio editor, pero la informaci\u00f3n que se recoja mediante \u00e9stas sea gestionada por un tercero, no pueden ser consideradas como cookies propias.<\/p>\n<h4>1.1.3. Cookies seg\u00fan el plazo de tiempo que permanecen activadas.<\/h4>\n<p align=\"justify\">Existe tambi\u00e9n una segunda clasificaci\u00f3n seg\u00fan el plazo de tiempo que permanecen activadas en el equipo terminal, pudiendo tratarse de:<\/p>\n<ul>\n<li>\n<p align=\"justify\"><i>Cookies de sesi\u00f3n<\/i>: son aquellas dise\u00f1adas para recabar y almacenar datos mientras el usuario accede a una p\u00e1gina web. Se suelen emplear para almacenar informaci\u00f3n que solo interesa conservar para la prestaci\u00f3n del servicio solicitado por el usuario en una sola ocasi\u00f3n (por ejemplo, una lista de productos adquiridos) y desaparecen al terminar la sesi\u00f3n.<\/p>\n<\/li>\n<li>\n<p align=\"justify\"><i>Cookies persistentes<\/i>: son aquellas en las que los datos siguen almacenados en el terminal y pueden ser accedidos y tratados durante un periodo definido por el responsable de la cookie, y que puede ir de unos minutos a varios a\u00f1os.<\/p>\n<\/li>\n<\/ul>\n<h4>1.1.4. Cookies seg\u00fan su finalidad.<\/h4>\n<p align=\"justify\">Por \u00faltimo, existe otras tipolog\u00edas de cookies a t\u00edtulo orientativo por ser las m\u00e1s habituales seg\u00fan la finalidad para la que se traten los datos obtenidos:<\/p>\n<ul>\n<li>\n<p align=\"justify\"><i><b>Cookies t\u00e9cnicas<\/b><\/i>: son aquellas que permiten al usuario la navegaci\u00f3n a trav\u00e9s de una p\u00e1gina web, plataforma o aplicaci\u00f3n y la utilizaci\u00f3n de las diferentes opciones o servicios que en ella existan, incluyendo aquellas que el editor utiliza para permitir la gesti\u00f3n y operativa de la p\u00e1gina web y habilitar sus funciones y servicios, como, por ejemplo, controlar el tr\u00e1fico y la comunicaci\u00f3n de datos, identificar la sesi\u00f3n, acceder a partes de acceso restringido, recordar los elementos que integran un pedido, realizar el proceso de compra de un pedido, gestionar el pago, controlar el fraude vinculado a la seguridad del servicio, realizar la solicitud de inscripci\u00f3n o participaci\u00f3n en un evento, contar visitas a efectos de la facturaci\u00f3n de licencias del software con el que funciona servicio (sitio web, plataforma o aplicaci\u00f3n),utilizar elementos de seguridad durante la navegaci\u00f3n, almacenar contenidos parala difusi\u00f3n de v\u00eddeos o sonido, habilitar contenidos din\u00e1micos (por ejemplo, animaci\u00f3n de carga de un texto o imagen) o compartir contenidos a trav\u00e9s de redes sociales.<\/p>\n<\/li>\n<\/ul>\n<ul>\n<li>\n<p align=\"justify\"><i><b>Cookies de preferencias o de personalizaci\u00f3n<\/b><\/i>: son aquellas que permiten recordar informaci\u00f3n para que el usuario acceda al servicio con determinadas caracter\u00edsticas que pueden diferenciar su experiencia de la de otros usuarios, como, por ejemplo, el idioma, el n\u00famero de resultados a mostrar cuando el usuario realiza una b\u00fasqueda, el aspecto o contenido del servicio en funci\u00f3n del tipo de navegador a trav\u00e9s del cual el usuario accede al servicio o de la regi\u00f3n desde la que accede al servicio, etc.<\/p>\n<\/li>\n<li>\n<p align=\"justify\"><b>Cookies de an\u00e1lisis o medici\u00f3n<\/b>: permiten al responsable de las mismas, el seguimiento y an\u00e1lisis del comportamiento de los usuarios de los sitios web a los que est\u00e1n vinculadas incluida la cuantificaci\u00f3n de los impactos de los anuncios. La informaci\u00f3n recogida mediante este tipo de cookies se utiliza en la medici\u00f3n de la actividad de los sitios web, aplicaci\u00f3n o plataforma y para la elaboraci\u00f3n de perfiles de navegaci\u00f3n de los usuarios de dichos sitios, aplicaciones y plataformas, con el fin de introducir mejoras en funci\u00f3n del an\u00e1lisis de los datos de uso que hacen los usuarios del servicio.<\/p>\n<\/li>\n<li>\n<p align=\"justify\"><b>Cookies publicitarias<\/b>: permiten la gesti\u00f3n, de la forma m\u00e1s eficaz posible, de los espacios publicitarios.<\/p>\n<\/li>\n<li>\n<p align=\"justify\"><b>Cookies de publicidad comportamental<\/b>: almacenan informaci\u00f3n del comportamiento de los usuarios obtenida a trav\u00e9s de la observaci\u00f3n continuada de sus h\u00e1bitos de navegaci\u00f3n, lo que permite desarrollar un perfil espec\u00edfico para mostrar publicidad en funci\u00f3n del mismo.<\/p>\n<\/li>\n<li>\n<p align=\"justify\"><b>Cookies de redes sociales externas<\/b>: se utilizan para que los visitantes puedan interactuar con el contenido de diferentes plataformas sociales (Facebook, YouTube, Twitter, LinkedIn, etc..) y que se generen \u00fanicamente para los usuarios de dichas redes sociales. Las condiciones de utilizaci\u00f3n de estas cookies y la informaci\u00f3n recopilada se regulan por la pol\u00edtica de privacidad de la plataforma social correspondiente.<\/p>\n<\/li>\n<\/ul>\n<h2>2. \u00bfQU\u00c9 TIPO DE COOKIES UTILIZAMOS Y CU\u00c1L ES SU FINALIDAD?<\/h2>\n<p align=\"justify\">Cuando navegas por nuestro Sitio Web puedes encontrar cookies insertadas directamente por CLVAGRO SL ( Propias) o bien cookies insertadas por entidades externas, seg\u00fan lo detallado a continuaci\u00f3n:<\/p>\n<table cellspacing=\"0\" cellpadding=\"7\">\n<colgroup>\n<col width=\"20%\" \/>\n<col width=\"20%\" \/>\n<col width=\"42%\" \/>\n<col width=\"18%\" \/> <\/colgroup>\n<tbody>\n<tr valign=\"top\">\n<td width=\"20%\" height=\"37\">\n<p align=\"center\"><b>Nombre de Cookie<\/b><\/p>\n<\/td>\n<td width=\"18%\">\n<p align=\"center\"><b>Tipo de Cookie<\/b><\/p>\n<\/td>\n<td width=\"42%\">\n<p align=\"center\"><b>Finalidad<\/b><\/p>\n<\/td>\n<td width=\"18%\">\n<p align=\"center\"><b>Caducidad<\/b><\/p>\n<\/td>\n<\/tr>\n<tr>\n<td valign=\"top\" width=\"20%\" height=\"12\">\n<p align=\"justify\"><b>CookieConsent<\/b><\/p>\n<\/td>\n<td valign=\"top\" width=\"18%\">\n<p align=\"center\">Cookie utilizada para la aceptaci\u00f3n de las cookies -Propia<\/p>\n<\/td>\n<td valign=\"top\" width=\"42%\">\n<p align=\"justify\">Almacena el estado de consentimiento de cookies del usuario para el dominio actual<\/p>\n<\/td>\n<td valign=\"bottom\" width=\"18%\">\n<p align=\"center\">1 a\u00f1o<\/p>\n<\/td>\n<\/tr>\n<tr>\n<td valign=\"top\" width=\"20%\" height=\"12\">\n<p align=\"justify\"><b>rc::a<\/b><\/p>\n<\/td>\n<td valign=\"top\" width=\"18%\">\n<p align=\"center\">Terceros<\/p>\n<\/td>\n<td valign=\"top\" width=\"42%\">\n<p align=\"justify\">Esta cookie se utiliza para distinguir entre humanos y bots. Esto es beneficioso para la web con el objeto de elaborar informes v\u00e1lidos sobre el uso de su web.<\/p>\n<\/td>\n<td valign=\"bottom\" width=\"18%\">\n<p align=\"center\">Persistente<\/p>\n<\/td>\n<\/tr>\n<tr>\n<td valign=\"top\" width=\"20%\" height=\"12\">\n<p align=\"justify\"><b>rc::c<\/b><\/p>\n<\/td>\n<td valign=\"top\" width=\"18%\">\n<p align=\"center\">Terceros<\/p>\n<\/td>\n<td valign=\"top\" width=\"42%\">\n<p align=\"justify\">Esta cookie se utiliza para distinguir entre humanos y bots.<\/p>\n<\/td>\n<td valign=\"bottom\" width=\"18%\">\n<p align=\"center\">Sesi\u00f3n<\/p>\n<\/td>\n<\/tr>\n<tr>\n<td valign=\"top\" width=\"20%\" height=\"12\">\n<p align=\"justify\"><b>_ga<\/b><\/p>\n<\/td>\n<td valign=\"top\" width=\"18%\">\n<p align=\"center\">Anal\u00edtica de Terceros<\/p>\n<\/td>\n<td valign=\"top\" width=\"42%\">\n<p align=\"justify\">Registra una identificaci\u00f3n \u00fanica que se utiliza para generar datos estad\u00edsticos acerca de c\u00f3mo utiliza el visitante el sitio web.<\/p>\n<\/td>\n<td valign=\"bottom\" width=\"18%\">\n<p align=\"center\">2 a\u00f1os<\/p>\n<\/td>\n<\/tr>\n<tr>\n<td valign=\"top\" width=\"20%\" height=\"12\">\n<p align=\"justify\"><b>_gat<\/b><\/p>\n<\/td>\n<td valign=\"top\" width=\"18%\">\n<p align=\"center\">Anal\u00edtica de Terceros<\/p>\n<\/td>\n<td valign=\"top\" width=\"42%\">\n<p align=\"justify\">Utilizado por Google Analytics para controlar la tasa de peticiones<\/p>\n<\/td>\n<td valign=\"bottom\" width=\"18%\">\n<p align=\"center\">1 d\u00eda<\/p>\n<\/td>\n<\/tr>\n<tr>\n<td valign=\"top\" width=\"20%\" height=\"12\">\n<p align=\"justify\"><b>_gid<\/b><\/p>\n<\/td>\n<td valign=\"top\" width=\"18%\">\n<p align=\"center\">Anal\u00edtica de Terceros<\/p>\n<\/td>\n<td valign=\"top\" width=\"42%\">\n<p align=\"justify\">Registra una identificaci\u00f3n \u00fanica que se utiliza para generar datos estad\u00edsticos acerca de c\u00f3mo utiliza el visitante el sitio web.<\/p>\n<\/td>\n<td valign=\"bottom\" width=\"18%\">\n<p align=\"center\">1 d\u00eda<\/p>\n<\/td>\n<\/tr>\n<\/tbody>\n<\/table>\n<p>&nbsp;<\/p>\n<h2>3. INFORMACI\u00d3N SOBRE C\u00d3MO ACEPTAR, DENEGAR \/ REVOCAR EL CONSENTIMIENTO O ELIMINAR LAS COOKIES<\/h2>\n<p align=\"justify\">Tienes la opci\u00f3n de permitir o bloquear las cookies, as\u00ed como borrar sus datos de navegaci\u00f3n (incluidas las cookies) desde el navegador que utilices. Consulta las opciones e instrucciones que ofrece tu navegador para ello. Ten en cuenta que, si aceptas las cookies de terceros, deber\u00e1s eliminarlas desde las opciones del navegador o desde el sistema ofrecido por el propio tercero. La forma de deshabilitarlas es diferente para cada navegador, pero normalmente puede hacerse desde el men\u00fa Herramientas u Opciones. Tambi\u00e9n puedes consultar el men\u00fa de Ayuda del navegador donde encontrar\u00e1s todas las instrucciones.<\/p>\n<p align=\"justify\">Podr\u00e1s elegir en cualquier momento qu\u00e9 cookies desea que funcionen en este Sitio Web.<\/p>\n<p align=\"justify\">En los siguientes enlaces tienes a tu disposici\u00f3n toda la informaci\u00f3n para configurar o deshabilitar las cookies en cada navegador:<\/p>\n<p><span lang=\"en-US\">Internet Explorer<\/span><span lang=\"en-US\">:\u00a0<\/span><u><span style=\"color: #000000;\"><span lang=\"en-US\"><a href=\"http:\/\/windows.microsoft.com\/es-xl\/internet-explorer\/delete-manage-cookies#ie=\" target=\"_blank\" rel=\"noopener\">windows.microsoft.com\/es-xl\/internet-explorer\/delete-manage-cookies#ie=&#8221;ie-10&#8243;<\/a> <\/span><\/span><\/u><\/p>\n<p><span lang=\"en-US\">Microsoft Edge<\/span><span lang=\"en-US\">:\u00a0<\/span><u><a href=\"https:\/\/support.microsoft.com\/es-es\/help\/4468242\/microsoft-edge-browsing-data-and-privacy-microsoft-privacy\" target=\"_blank\" rel=\"noopener\"><span style=\"color: #000000;\"><span lang=\"en-US\">support.microsoft.com\/es-es\/help\/4468242\/microsoft-edge-browsing-data-and-privacy-microsoft-privacy<\/span><\/span><\/a><\/u><\/p>\n<p><span lang=\"en-US\">FireFox:\u00a0<\/span><u><a href=\"http:\/\/support.mozilla.org\/es\/kb\/Borrar%20cookies\" target=\"(se abre en nueva ventana)\" rel=\"noopener\"><span style=\"color: #000000;\"><span lang=\"en-US\">support.mozilla.org\/es\/kb\/Borrar%20cookies\u00a0<\/span><\/span><\/a><\/u><\/p>\n<p><span lang=\"en-US\">Chrome:\u00a0<\/span><u><a href=\"http:\/\/support.google.com\/chrome\/answer\/95647?hl=\" target=\"_blank\" rel=\"noopener\"><span style=\"color: #000000;\"><span lang=\"en-US\">support.google.com\/chrome\/answer\/95647?hl=&#8221;es&#8221;<\/span><\/span><\/a><\/u><\/p>\n<p><span lang=\"en-US\">Safari:\u00a0<\/span><u><a href=\"http:\/\/www.apple.com\/es\/privacy\/use-of-cookies\/\" target=\"(se abre en nueva ventana)\" rel=\"noopener\"><span style=\"color: #000000;\"><span lang=\"en-US\">www.apple.com\/es\/privacy\/use-of-cookies\/<\/span><\/span><\/a><\/u><\/p>\n<p align=\"justify\">Existe un complemento de inhabilitaci\u00f3n de las cookies de Google Analytics para los navegadores m\u00e1s habituales (Microsoft Internet Explorer, Google Chrome, Mozilla Firefox, Apple Safari y Opera) que facilita la exclusi\u00f3n de la instalaci\u00f3n de estas cookies.<\/p>\n<p align=\"justify\">Puedes encontrar m\u00e1s informaci\u00f3n en <u><a href=\"https:\/\/tools.google.com\/dlpage\/gaoptout?hl=es\" target=\"_blank\" rel=\"noopener\">https:\/\/tools.google.com\/dlpage\/gaoptout?hl=es<\/a><\/u><\/p>\n<p align=\"justify\">Adem\u00e1s, tambi\u00e9n puedes gestionar el almac\u00e9n de cookies en tu navegador a trav\u00e9s de herramientas como las siguientes:<\/p>\n<ul>\n<li>\n<p align=\"justify\"><span lang=\"en-US\">Ghostery: <\/span><u><a href=\"http:\/\/www.ghostery.com\/\" target=\"_blank\" rel=\"noopener\"><span lang=\"en-US\">www.ghostery.com\/<\/span><\/a><\/u><\/p>\n<\/li>\n<li>\n<p align=\"justify\"><span lang=\"en-US\">Your online choices<\/span><span lang=\"en-US\">: <\/span><u><a href=\"http:\/\/www.youronlinechoices.com\/es\/\" target=\"_blank\" rel=\"noopener\"><span lang=\"en-US\">www.youronlinechoices.com\/es\/<\/span><\/a><\/u><\/p>\n<\/li>\n<\/ul>\n<p align=\"justify\"><span style=\"color: #0000ff;\"><span style=\"color: #000000;\">El siguiente enlace incluye v\u00eddeos did\u00e1cticos en formato de videotutoriales en los que se explica, paso a paso, c\u00f3mo configurar las opciones de privacidad de los navegadores, redes sociales y sistemas operativos m\u00f3viles m\u00e1s comunes:<\/span><\/span><\/p>\n<p align=\"justify\"><u><a href=\"https:\/\/www.aepd.es\/areas\/internet\/protege-tu-privacidad.html\" target=\"_blank\" rel=\"noopener\">https:\/\/www.aepd.es\/areas\/internet\/protege-tu-privacidad.html<\/a><\/u><\/p>\n<h3>3.1. Informaci\u00f3n sobre transferencia de datos a terceros pa\u00edses.<\/h3>\n<p align=\"justify\">No realizamos transferencias internacionales de datos en relaci\u00f3n con las cookies del Sitio Web. De ser as\u00ed, se te informar\u00e1 debidamente sobre d\u00f3nde y c\u00f3mo acceder a la decisi\u00f3n de adecuaci\u00f3n o a las garant\u00edas adecuadas o apropiadas que, en su caso, permitir\u00edan dicha transferencia.<\/p>\n<p align=\"justify\">Puedes informarte de las transferencias a terceros pa\u00edses que, en su caso, realizan los terceros identificados en esta pol\u00edtica de cookies en sus correspondientes pol\u00edticas (ver los enlaces facilitados).<\/p>\n<p>&nbsp;<\/p>\n<h2>4. \u00bfQU\u00c9 OCURRE SI RECHAZAS LA INSTALACI\u00d3N DE COOKIES?<\/h2>\n<p align=\"justify\">En este caso podr\u00e1s seguir navegando, aunque el uso de algunos de los servicios podr\u00e1 ser limitado o bien no puedas acceder y por tanto tu experiencia en nuestro Sitio Web resultar\u00e1 menos satisfactoria. Podr\u00e1 rechazarlas en cualquier momento.<span style=\"color: #333333;\">\u00a0\u00a0<\/span><\/p>\n<h2>5. CONSENTIMIENTO<\/h2>\n<p align=\"justify\">Al acceder al Sitio Web por primera vez recibir\u00e1s un aviso acerca del uso de cookies. En esta primera capa, se te informar\u00e1 sobre el tipo de cookies que utilizamos, las finalidades para las cuales las utilizamos, y se te proporcionar\u00e1 un enlace a esta Pol\u00edtica de Cookies, donde puede encontrar m\u00e1s informaci\u00f3n detallada.<\/p>\n<p align=\"justify\">Ante esta informaci\u00f3n es posible llevar a cabo las siguientes acciones:<\/p>\n<p align=\"justify\">\u2022 ACEPTAR: estar\u00e1s dando tu consentimiento para que instalemos las cookies conforme a lo descrito en esta pol\u00edtica. No se volver\u00e1 a visualizar el aviso durante la presente sesi\u00f3n en el navegador.<\/p>\n<p align=\"justify\">\u2022 CONFIGURAR: enlaza a la presente pol\u00edtica de cookies donde te facilitamos toda la informaci\u00f3n necesaria, as\u00ed como aceptar todas las cookies o bien rechazar las mismas. Podr\u00e1s modificar la configuraci\u00f3n de las cookies en tu navegador o rechazar las que desees y seguir navegando. Solo se descargar\u00e1n las imprescindibles para navegar y que no pueden deshabilitarse.<\/p>\n<p align=\"justify\">Si deseas revocar el consentimiento prestado o realizar alguna pregunta sobre la Pol\u00edtica de Cookies del Sitio Web, puedes ponerte en contacto a trav\u00e9s del correo electr\u00f3nico <u><a href=\"mailto:currolopez@clvagro.com\">currolopez@clvagro.com<\/a><\/u> indicando en el asunto \u201cPol\u00edtica de Cookies\u201d. En relaci\u00f3n al resto de informaci\u00f3n exigida por la normativa de protecci\u00f3n de datos puede consultarla en nuestra <a href=\"https:\/\/clvagro.com\/en\/politica-de-privacidad\/\">POL\u00cdTICA DE PRIVACIDAD<\/a>.<\/p>\n<p>Si desea volver a la configuraci\u00f3n puede acceder a trav\u00e9s del siguiente enlace <a href=\"javascript:CookieConsent.renew();CookieDeclaration.SetUserStatusLabel();\">(Configuraci\u00f3n)<\/a><\/p>\n","protected":false},"excerpt":{"rendered":"<p>POL\u00cdTICA DE COOKIES En CLVAGRO, S.L. cumplimos con lo dispuesto en las obligaciones previstas en el apartado segundo del art\u00edculo&#8230;<\/p>\n","protected":false},"author":1,"featured_media":0,"parent":0,"menu_order":0,"comment_status":"closed","ping_status":"closed","template":"","meta":{"_acf_changed":false,"footnotes":""},"class_list":["post-275","page","type-page","status-publish","hentry"],"acf":[],"_links":{"self":[{"href":"https:\/\/clvagro.com\/en\/wp-json\/wp\/v2\/pages\/275","targetHints":{"allow":["GET"]}}],"collection":[{"href":"https:\/\/clvagro.com\/en\/wp-json\/wp\/v2\/pages"}],"about":[{"href":"https:\/\/clvagro.com\/en\/wp-json\/wp\/v2\/types\/page"}],"author":[{"embeddable":true,"href":"https:\/\/clvagro.com\/en\/wp-json\/wp\/v2\/users\/1"}],"replies":[{"embeddable":true,"href":"https:\/\/clvagro.com\/en\/wp-json\/wp\/v2\/comments?post=275"}],"version-history":[{"count":16,"href":"https:\/\/clvagro.com\/en\/wp-json\/wp\/v2\/pages\/275\/revisions"}],"predecessor-version":[{"id":776,"href":"https:\/\/clvagro.com\/en\/wp-json\/wp\/v2\/pages\/275\/revisions\/776"}],"wp:attachment":[{"href":"https:\/\/clvagro.com\/en\/wp-json\/wp\/v2\/media?parent=275"}],"curies":[{"name":"wp","href":"https:\/\/api.w.org\/{rel}","templated":true}]}}